{"id":7788,"date":"2017-02-19T10:30:25","date_gmt":"2017-02-19T10:30:25","guid":{"rendered":"http:\/\/themicart.com\/test1\/?page_id=7788"},"modified":"2023-01-26T12:25:13","modified_gmt":"2023-01-26T11:25:13","slug":"home-1","status":"publish","type":"page","link":"https:\/\/mobileriawalker.com\/","title":{"rendered":"Ballina"},"content":{"rendered":"<section class=\"wpb-content-wrapper\"><p>[vc_row full_width=&#8221;stretch_row&#8221; equal_height=&#8221;yes&#8221; content_placement=&#8221;middle&#8221; css=&#8221;.vc_custom_1668684750688{padding-top: 100px !important;padding-bottom: 70px !important;background: #000000 url(https:\/\/mobileriawalker.com\/wp-content\/uploads\/2018\/03\/bg.png?id=9170) !important;background-position: 0 0 !important;background-repeat: repeat !important;}&#8221; el_class=&#8221;overlapped&#8221;][vc_column width=&#8221;1\/4&#8243; css=&#8221;.vc_custom_1668684309086{margin-top: 110px !important;margin-right: 1px !important;margin-bottom: 30px !important;}&#8221;]<span class=\"subtitle dash-true style-dark text-default\">\u00c7far\u00eb ofrojm\u00eb ne<\/span>[vc_column_text css=&#8221;.vc_custom_1668781407665{margin-bottom: 20px !important;}&#8221;]<\/p>\n<h2><strong>Disa nga <\/strong><strong><span style=\"color: #ed1c24;\">kategorit\u00eb <\/span><\/strong><strong>tona<\/strong><\/h2>\n<p>N\u00eb Walker, ju mund t\u00eb gjeni nj\u00eb komplet divanesh unik dhe perfekt n\u00eb dizajn, mund t\u00eb keni mobiljet tuaja t\u00eb preferuara me dhjet\u00ebra opsione t\u00eb ndryshme ngjyrash dhe p\u00eblhurash.[\/vc_column_text]<a href=\"https:\/\/mobileriawalker.com\/index.php\/galeria\/\" class=\"btn btn-primary arrow-right\"><span>Galeria<\/span><\/a>[\/vc_column][vc_column width=&#8221;1\/4&#8243;]<div class=\"content-box service-item alignment-centered service-box-dark spacing-30\"><a href=\"https:\/\/mobileriawalker.com\/index.php\/galeria\/\"><div class=\"image-container\"><div class=\"vertical-number-box\"><span class=\"vertical-number\">01<\/span><\/div><div class=\"arrow-box\"><span class=\"icon-arrow-right\"><\/span><\/div><img decoding=\"async\" src=\"https:\/\/mobileriawalker.com\/wp-content\/uploads\/2022\/11\/categori1.webp\" alt=\"Garnitura\"><\/div><div class=\"content-box-info\"><h4 class=\"box-heading\">Garnitura<\/h4><\/div><\/a><\/div>[\/vc_column][vc_column width=&#8221;1\/4&#8243;]<div class=\"content-box service-item alignment-centered service-box-dark spacing-30\"><a href=\"https:\/\/mobileriawalker.com\/index.php\/galeria\/\"><div class=\"image-container\"><div class=\"vertical-number-box\"><span class=\"vertical-number\">02<\/span><\/div><div class=\"arrow-box\"><span class=\"icon-arrow-right\"><\/span><\/div><img decoding=\"async\" src=\"https:\/\/mobileriawalker.com\/wp-content\/uploads\/2022\/11\/categori2.webp\" alt=\"Trapezaria\"><\/div><div class=\"content-box-info\"><h4 class=\"box-heading\">Trapezaria<\/h4><\/div><\/a><\/div>[\/vc_column][vc_column width=&#8221;1\/4&#8243;]<div class=\"content-box service-item alignment-centered service-box-dark spacing-30\"><a href=\"https:\/\/mobileriawalker.com\/index.php\/galeria\/\"><div class=\"image-container\"><div class=\"vertical-number-box\"><span class=\"vertical-number\">03<\/span><\/div><div class=\"arrow-box\"><span class=\"icon-arrow-right\"><\/span><\/div><img decoding=\"async\" src=\"https:\/\/mobileriawalker.com\/wp-content\/uploads\/2022\/11\/categori3.webp\" alt=\"Dhoma\"><\/div><div class=\"content-box-info\"><h4 class=\"box-heading\">Dhoma<\/h4><\/div><\/a><\/div>[\/vc_column][\/vc_row][vc_row full_width=&#8221;stretch_row&#8221; css=&#8221;.vc_custom_1668673859413{background: #070707 url(https:\/\/mobileriawalker.com\/wp-content\/uploads\/2018\/10\/vertical-grid-5.png?id=12972) !important;background-position: 0 0 !important;background-repeat: repeat !important;}&#8221; el_class=&#8221;spaced&#8221;][vc_column width=&#8221;1\/2&#8243; css=&#8221;.vc_custom_1539687375928{margin-bottom: 20px !important;}&#8221; el_class=&#8221;animate&#8221;][vc_column_text]<\/p>\n<h2><span style=\"color: #f5f5f5;\"><strong>Mobileria WALKER, vendi ideal p\u00ebr p\u00ebrzgjedhjen e mobileve tuaja.<\/strong><\/span><\/h2>\n<p>[\/vc_column_text]<span class=\"subtitle dash-true style-light text-default\">Perspektiv\u00eb unike<\/span>[\/vc_column][vc_column width=&#8221;1\/2&#8243; el_class=&#8221;animate animate-1&#8243;][vc_column_text]<\/p>\n<div id=\"pgc-7788-1-1\" class=\"panel-grid-cell\">\n<div id=\"panel-7788-1-1-0\" class=\"so-panel widget widget_black-studio-tinymce widget_black_studio_tinymce panel-first-child panel-last-child\" data-index=\"5\">\n<div class=\"animate animate-2 panel-widget-style panel-widget-style-for-7788-1-1-0 visible\">\n<div class=\"textwidget\">\n<p>Nga kompletet e dhomave t\u00eb gjumit te kompletet e dhomave t\u00eb ngr\u00ebnies, nga kompletet e divaneve te nj\u00ebsit\u00eb e televizorit, nga divanet e qosheve te aksesor\u00ebt e mobiljeve, gjith\u00e7ka q\u00eb d\u00ebshironi n\u00eb sht\u00ebpin\u00eb tuaj \u00ebsht\u00eb n\u00eb Walker.<\/p>\n<\/div>\n<\/div>\n<\/div>\n<\/div>\n<p>[\/vc_column_text][\/vc_column][\/vc_row][vc_row full_width=&#8221;stretch_row_content_no_spaces&#8221; css=&#8221;.vc_custom_1668673893893{background-color: #070707 !important;}&#8221;][vc_column]<section class=\"section-gallery gallery-layout-vertical grid-fluid captions-bottom\"><div><div class=\"container-fluid\"><div class=\"row no-gutter\"><div id=\"gallery-slider\"><div class=\"item garnitura \"><a href=\"https:\/\/mobileriawalker.com\/index.php\/projects\/ganitura-opus\/\" class=\"portfolio-box image-container\"><img decoding=\"async\" src=\"https:\/\/mobileriawalker.com\/wp-content\/uploads\/2023\/01\/3287271180-600x900.jpg\" srcset=\"https:\/\/mobileriawalker.com\/wp-content\/uploads\/2023\/01\/3287271180-360x570.jpg 360w, https:\/\/mobileriawalker.com\/wp-content\/uploads\/2023\/01\/3287271180-480x760.jpg 480w\" sizes=\"(min-width: 781px) 480px, calc(100vw - 30px)\" alt=\"Ganitura Opus\"><div class=\"portfolio-box-caption\"><div class=\"portfolio-box-caption-content\"><span class=\"vertical-number\">01<\/span><div class=\"project-category text-faded\">garnitura <\/div><div class=\"project-name\">Ganitura Opus<\/div><\/div><\/div><\/a><\/div><div class=\"item trapezari \"><a href=\"https:\/\/mobileriawalker.com\/index.php\/projects\/trapezaria-seder-gold\/\" class=\"portfolio-box image-container\"><img decoding=\"async\" src=\"https:\/\/mobileriawalker.com\/wp-content\/uploads\/2022\/12\/a-600x900.jpg\" srcset=\"https:\/\/mobileriawalker.com\/wp-content\/uploads\/2022\/12\/a-360x570.jpg 360w, https:\/\/mobileriawalker.com\/wp-content\/uploads\/2022\/12\/a-480x760.jpg 480w\" sizes=\"(min-width: 781px) 480px, calc(100vw - 30px)\" alt=\"Trapezaria Seder Gold\"><div class=\"portfolio-box-caption\"><div class=\"portfolio-box-caption-content\"><span class=\"vertical-number\">02<\/span><div class=\"project-category text-faded\">trapezari <\/div><div class=\"project-name\">Trapezaria Seder Gold<\/div><\/div><\/div><\/a><\/div><div class=\"item trapezari \"><a href=\"https:\/\/mobileriawalker.com\/index.php\/projects\/trapezaria-piramida\/\" class=\"portfolio-box image-container\"><img decoding=\"async\" src=\"https:\/\/mobileriawalker.com\/wp-content\/uploads\/2022\/12\/0-02-05-0989dc69be2ec49a9843424fd49675ab1c1bff96929bd52610985632ead79114_69833939-600x900.jpg\" srcset=\"https:\/\/mobileriawalker.com\/wp-content\/uploads\/2022\/12\/0-02-05-0989dc69be2ec49a9843424fd49675ab1c1bff96929bd52610985632ead79114_69833939-360x570.jpg 360w, https:\/\/mobileriawalker.com\/wp-content\/uploads\/2022\/12\/0-02-05-0989dc69be2ec49a9843424fd49675ab1c1bff96929bd52610985632ead79114_69833939-480x760.jpg 480w\" sizes=\"(min-width: 781px) 480px, calc(100vw - 30px)\" alt=\"Trapezaria Piramida\"><div class=\"portfolio-box-caption\"><div class=\"portfolio-box-caption-content\"><span class=\"vertical-number\">03<\/span><div class=\"project-category text-faded\">trapezari <\/div><div class=\"project-name\">Trapezaria Piramida<\/div><\/div><\/div><\/a><\/div><div class=\"item trapezari \"><a href=\"https:\/\/mobileriawalker.com\/index.php\/projects\/trapezaria-mozart\/\" class=\"portfolio-box image-container\"><img decoding=\"async\" src=\"https:\/\/mobileriawalker.com\/wp-content\/uploads\/2022\/12\/0-02-05-4015c92d3a2a4be8b5a96e1b3bf38e6c50a384137d212fbd359110a6b133f1fc_90314e27-600x900.webp\" srcset=\"https:\/\/mobileriawalker.com\/wp-content\/uploads\/2022\/12\/0-02-05-4015c92d3a2a4be8b5a96e1b3bf38e6c50a384137d212fbd359110a6b133f1fc_90314e27-360x570.webp 360w, https:\/\/mobileriawalker.com\/wp-content\/uploads\/2022\/12\/0-02-05-4015c92d3a2a4be8b5a96e1b3bf38e6c50a384137d212fbd359110a6b133f1fc_90314e27-480x760.webp 480w\" sizes=\"(min-width: 781px) 480px, calc(100vw - 30px)\" alt=\"Trapezaria Mozart\"><div class=\"portfolio-box-caption\"><div class=\"portfolio-box-caption-content\"><span class=\"vertical-number\">04<\/span><div class=\"project-category text-faded\">trapezari <\/div><div class=\"project-name\">Trapezaria Mozart<\/div><\/div><\/div><\/a><\/div><div class=\"item trapezari \"><a href=\"https:\/\/mobileriawalker.com\/index.php\/projects\/trapezaria-ibiza\/\" class=\"portfolio-box image-container\"><img decoding=\"async\" src=\"https:\/\/mobileriawalker.com\/wp-content\/uploads\/2022\/12\/phpThumb_generated_thumbnail-6-600x900.jpg\" srcset=\"https:\/\/mobileriawalker.com\/wp-content\/uploads\/2022\/12\/phpThumb_generated_thumbnail-6-360x570.jpg 360w, https:\/\/mobileriawalker.com\/wp-content\/uploads\/2022\/12\/phpThumb_generated_thumbnail-6-480x760.jpg 480w\" sizes=\"(min-width: 781px) 480px, calc(100vw - 30px)\" alt=\"Trapezaria Ibiza\"><div class=\"portfolio-box-caption\"><div class=\"portfolio-box-caption-content\"><span class=\"vertical-number\">05<\/span><div class=\"project-category text-faded\">trapezari <\/div><div class=\"project-name\">Trapezaria Ibiza<\/div><\/div><\/div><\/a><\/div><div class=\"item trapezari \"><a href=\"https:\/\/mobileriawalker.com\/index.php\/projects\/trapezaria-alfa\/\" class=\"portfolio-box image-container\"><img decoding=\"async\" src=\"https:\/\/mobileriawalker.com\/wp-content\/uploads\/2022\/12\/EPZFSARFHC1029202117957_KINIK-MOBILYA-MA-AZALARI-600x900.jpg\" srcset=\"https:\/\/mobileriawalker.com\/wp-content\/uploads\/2022\/12\/EPZFSARFHC1029202117957_KINIK-MOBILYA-MA-AZALARI-360x570.jpg 360w, https:\/\/mobileriawalker.com\/wp-content\/uploads\/2022\/12\/EPZFSARFHC1029202117957_KINIK-MOBILYA-MA-AZALARI-480x760.jpg 480w\" sizes=\"(min-width: 781px) 480px, calc(100vw - 30px)\" alt=\"Trapezaria Alfa\"><div class=\"portfolio-box-caption\"><div class=\"portfolio-box-caption-content\"><span class=\"vertical-number\">06<\/span><div class=\"project-category text-faded\">trapezari <\/div><div class=\"project-name\">Trapezaria Alfa<\/div><\/div><\/div><\/a><\/div><div class=\"item trapezari \"><a href=\"https:\/\/mobileriawalker.com\/index.php\/projects\/trapezaria-t-665\/\" class=\"portfolio-box image-container\"><img decoding=\"async\" src=\"https:\/\/mobileriawalker.com\/wp-content\/uploads\/2022\/12\/0-02-05-c41c75a2dce799a57c921a4460ac3e9cb3d8dfe0568302b319ea1ec03b0ff13d_44100a6b-600x900.jpg\" srcset=\"https:\/\/mobileriawalker.com\/wp-content\/uploads\/2022\/12\/0-02-05-c41c75a2dce799a57c921a4460ac3e9cb3d8dfe0568302b319ea1ec03b0ff13d_44100a6b-360x570.jpg 360w, https:\/\/mobileriawalker.com\/wp-content\/uploads\/2022\/12\/0-02-05-c41c75a2dce799a57c921a4460ac3e9cb3d8dfe0568302b319ea1ec03b0ff13d_44100a6b-480x760.jpg 480w\" sizes=\"(min-width: 781px) 480px, calc(100vw - 30px)\" alt=\"Trapezaria T 665\"><div class=\"portfolio-box-caption\"><div class=\"portfolio-box-caption-content\"><span class=\"vertical-number\">07<\/span><div class=\"project-category text-faded\">trapezari <\/div><div class=\"project-name\">Trapezaria T 665<\/div><\/div><\/div><\/a><\/div><div class=\"item trapezari \"><a href=\"https:\/\/mobileriawalker.com\/index.php\/projects\/trapezaria-tku\/\" class=\"portfolio-box image-container\"><img decoding=\"async\" src=\"https:\/\/mobileriawalker.com\/wp-content\/uploads\/2022\/12\/IMG_1992-600x900.jpg\" srcset=\"https:\/\/mobileriawalker.com\/wp-content\/uploads\/2022\/12\/IMG_1992-360x570.jpg 360w, https:\/\/mobileriawalker.com\/wp-content\/uploads\/2022\/12\/IMG_1992-480x760.jpg 480w\" sizes=\"(min-width: 781px) 480px, calc(100vw - 30px)\" alt=\"Trapezaria TKU\"><div class=\"portfolio-box-caption\"><div class=\"portfolio-box-caption-content\"><span class=\"vertical-number\">08<\/span><div class=\"project-category text-faded\">trapezari <\/div><div class=\"project-name\">Trapezaria TKU<\/div><\/div><\/div><\/a><\/div><\/div><\/div><\/div><\/div><\/section>[\/vc_column][\/vc_row][vc_row full_width=&#8221;stretch_row&#8221; gap=&#8221;15&#8243; css=&#8221;.vc_custom_1668686376273{padding-top: 80px !important;background-color: #070707 !important;}&#8221; el_class=&#8221;mobile-full&#8221;][vc_column width=&#8221;1\/2&#8243; el_class=&#8221;animate&#8221;][vc_single_image image=&#8221;13559&#8243; alignment=&#8221;center&#8221; css=&#8221;.vc_custom_1668593323068{margin-bottom: 0px !important;border-radius: 15px !important;}&#8221;][\/vc_column][vc_column width=&#8221;1\/2&#8243; el_class=&#8221;animate animate-1&#8243;][vc_row_inner el_class=&#8221;overlap-left&#8221;][vc_column_inner el_class=&#8221;shadow-box&#8221;]<span class=\"subtitle dash-true style-dark text-default\"><\/span>[vc_column_text]<\/p>\n<h2><strong>Shijoni <\/strong><strong><span style=\"color: #ed1c24;\">thjesht\u00ebsin\u00eb<\/span> <\/strong><strong>dhe <\/strong><strong><span style=\"color: #ed1c24;\">dizajnin <\/span><\/strong><strong>modern t\u00eb mobiljeve n\u00eb sht\u00ebpin\u00eb tuaj!<\/strong><\/h2>\n<p>Kombinimi perfekt i eleganc\u00ebs, modernes, stilit dhe shij\u00ebs s\u00eb sofistikuar. Sht\u00ebpia juaj do dukej perfekte dhe e kompletuar p\u00ebr familjen dhe miq\u00ebt tuaj![\/vc_column_text][vc_column_text]<ul class=\"nav nav-tabs style-accent light\" id=\"custom-tabs-8\"><li class=\"active\"><a href=\"#custom-tab-0-Rreth-nesh\"  data-toggle=\"tab\">Rreth nesh<\/a><\/li><li><a href=\"#custom-tab-0-Cilesi\"  data-toggle=\"tab\">Cil\u00ebsi<\/a><\/li><li><a href=\"#custom-tab-0-Komunikimi\"  data-toggle=\"tab\">Komunikimi<\/a><\/li><\/ul><div class=\"tab-content style-accent\"><div id=\"custom-tab-0-Rreth-nesh\" class=\"tab-pane animated fadeIn active\">\n<p>Walker, e cila ka b\u00ebr\u00eb synimin kryesor k\u00ebnaq\u00ebsin\u00eb e klient\u00ebve t\u00eb saj vendas dhe nd\u00ebrkomb\u00ebtar\u00eb, vazhdon investimet e saj p\u00ebr t\u00eb ruajtur dhe zhvilluar k\u00ebt\u00eb linj\u00eb n\u00eb t\u00eb ardhmen.<\/p>\n<p><\/p><\/div><div id=\"custom-tab-0-Cilesi\" class=\"tab-pane animated fadeIn \">\n<p>T\u00eb gjitha produktet tona prodhohen n\u00eb standardin e cil\u00ebsis\u00eb E1, i cili nuk p\u00ebrmban substanca kancerogjene q\u00eb jan\u00eb t\u00eb pad\u00ebmshme p\u00ebr mjedisin dhe sh\u00ebndetin.<\/p>\n<p><\/p><\/div><div id=\"custom-tab-0-Komunikimi\" class=\"tab-pane animated fadeIn \">\n<p>Magjistralja Prishtin\u00eb &#8211; Ferizaj, 300m nga rrethi i QMI-s\u00eb.<br \/>\n+383 44 303 550<\/p>\n<p><\/p><\/div><\/div>[\/vc_column_text][\/vc_column_inner][\/vc_row_inner][\/vc_column][\/vc_row][vc_row full_width=&#8221;stretch_row&#8221; css=&#8221;.vc_custom_1668673923780{background: #070707 url(https:\/\/mobileriawalker.com\/wp-content\/uploads\/2018\/10\/vertical-grid-5.png?id=12972) !important;background-position: 0 0 !important;background-repeat: repeat !important;}&#8221; el_class=&#8221;spaced&#8221;][vc_column]<div class=\"dash style-light centered\"><\/div>[vc_column_text el_class=&#8221;animate&#8221;]<\/p>\n<h2 style=\"text-align: center;\"><span style=\"color: #ffffff;\">Zgjedhjet m\u00eb t\u00eb mira p\u00ebr sht\u00ebpin\u00eb tuaj t\u00eb re, i b\u00ebni tek ne!<\/span><\/h2>\n<p>[\/vc_column_text][vc_row_inner css=&#8221;.vc_custom_1537521399254{margin-top: 50px !important;}&#8221;][vc_column_inner el_class=&#8221;animate&#8221; width=&#8221;1\/4&#8243;]<div class=\"team-member light\"><div class=\"content-box\"><div class=\"image-container\"><div class=\"member-details\"><hr><span class=\"member-info\">T\u00eb punuara n\u00eb \u00e7do detaj p\u00ebr t\u00eb ofruar komoditet p\u00ebr ju!<\/span><hr><\/div><div class=\"side-overlay\"><\/div><div class=\"vertical-number-box\"><span class=\"vertical-number\">Komoditet<\/span><\/div><img decoding=\"async\" src=\"https:\/\/mobileriawalker.com\/wp-content\/uploads\/2022\/11\/2-5-04.webp\" alt=\"#komoditet\"><\/div><div class=\"content-box-info\"><h4>#komoditet<\/h4><\/div><\/div><\/div>[\/vc_column_inner][vc_column_inner el_class=&#8221;animate animate-1&#8243; width=&#8221;1\/4&#8243;]<div class=\"team-member light\"><div class=\"content-box\"><div class=\"image-container\"><div class=\"member-details\"><hr><span class=\"member-info\">Ndjenja e rehatis\u00eb suaj \u00ebsht\u00eb prioriteti yn\u00eb!<\/span><hr><\/div><div class=\"side-overlay\"><\/div><div class=\"vertical-number-box\"><span class=\"vertical-number\">Rehati<\/span><\/div><img decoding=\"async\" src=\"https:\/\/mobileriawalker.com\/wp-content\/uploads\/2022\/11\/2-5-03.webp\" alt=\"#rehati\"><\/div><div class=\"content-box-info\"><h4>#rehati<\/h4><\/div><\/div><\/div>[\/vc_column_inner][vc_column_inner el_class=&#8221;animate animate-2&#8243; width=&#8221;1\/4&#8243;]<div class=\"team-member light\"><div class=\"content-box\"><div class=\"image-container\"><div class=\"member-details\"><hr><span class=\"member-info\">..... dhe \u00e7do gj\u00eb e ve\u00e7ant\u00eb gjithmone vjen nga e bukura natyra<\/span><hr><\/div><div class=\"side-overlay\"><\/div><div class=\"vertical-number-box\"><span class=\"vertical-number\">Ve\u00e7ant\u00eb<\/span><\/div><img decoding=\"async\" src=\"https:\/\/mobileriawalker.com\/wp-content\/uploads\/2022\/11\/2-5-02.webp\" alt=\"#bukuri\"><\/div><div class=\"content-box-info\"><h4>#bukuri<\/h4><\/div><\/div><\/div>[\/vc_column_inner][vc_column_inner el_class=&#8221;animate animate-3&#8243; width=&#8221;1\/4&#8243;]<div class=\"team-member light\"><div class=\"content-box\"><div class=\"image-container\"><div class=\"member-details\"><hr><span class=\"member-info\">Materiale unike me kualitet te lart\u00eb e shum\u00eb cil\u00ebsor!<\/span><hr><\/div><div class=\"side-overlay\"><\/div><div class=\"vertical-number-box\"><span class=\"vertical-number\">Unike<\/span><\/div><img decoding=\"async\" src=\"https:\/\/mobileriawalker.com\/wp-content\/uploads\/2022\/11\/2-5-05.webp\" alt=\"#unike\"><\/div><div class=\"content-box-info\"><h4>#unike<\/h4><\/div><\/div><\/div>[\/vc_column_inner][\/vc_row_inner][\/vc_column][\/vc_row][vc_row full_width=&#8221;stretch_row&#8221; css=&#8221;.vc_custom_1669389915022{padding-top: 80px !important;padding-bottom: 80px !important;background: #000000 url(https:\/\/mobileriawalker.com\/wp-content\/uploads\/2018\/10\/vertical-grid-5.png?id=12972) !important;background-position: 0 0 !important;background-repeat: repeat !important;}&#8221;][vc_column width=&#8221;1\/4&#8243; css=&#8221;.vc_custom_1539687507098{padding-top: 0px !important;}&#8221; el_class=&#8221;animate&#8221;]<span class=\"subtitle dash-true style-gray text-default\">Walker<\/span>[vc_column_text]<\/p>\n<h2><span style=\"color: #ffffff;\"><strong>G&#8217;zoje shpin\u00eb<br \/>\nme mobilje<br \/>\nt&#8217;reja!<\/strong><\/span><\/h2>\n<p>[\/vc_column_text][\/vc_column][vc_column width=&#8221;1\/4&#8243; css=&#8221;.vc_custom_1669391018084{padding-top: 0px !important;}&#8221; el_class=&#8221;animate animate-1&#8243;]<div class=\"number-box style-dark dark spacing-30\"><div class=\"number-box-number\">127+<\/div><div class=\"content-box\"><div class=\"content-box-info\"><h3>Modele<\/h3><\/div><\/div><\/div>[\/vc_column][vc_column width=&#8221;1\/4&#8243; css=&#8221;.vc_custom_1539687516836{padding-top: 0px !important;}&#8221; el_class=&#8221;animate animate-2&#8243;]<div class=\"number-box style-dark dark spacing-30\"><div class=\"number-box-number\">1000+<\/div><div class=\"content-box\"><div class=\"content-box-info\"><h3>Klient t\u00eb k\u00ebnaqur<\/h3><\/div><\/div><\/div>[\/vc_column][vc_column width=&#8221;1\/4&#8243; css=&#8221;.vc_custom_1539687521404{padding-top: 0px !important;}&#8221; el_class=&#8221;animate animate-3&#8243;]<div class=\"number-box style-dark dark spacing-30\"><div class=\"number-box-number\">24+<\/div><div class=\"content-box\"><div class=\"content-box-info\"><h3>Vite n\u00eb Industri<\/h3><\/div><\/div><\/div>[\/vc_column][\/vc_row][vc_row full_width=&#8221;stretch_row&#8221; gap=&#8221;30&#8243; css=&#8221;.vc_custom_1669394674907{background: #0a0a0a url(https:\/\/mobileriawalker.com\/wp-content\/uploads\/2022\/11\/walker-overlay.webp?id=13724) !important;}&#8221; el_class=&#8221;spaced&#8221;][vc_column width=&#8221;1\/2&#8243;][\/vc_column][vc_column width=&#8221;1\/2&#8243;][vc_row_inner][vc_column_inner el_class=&#8221;shadow-box animate&#8221;]<span class=\"subtitle dash-false style-dark text-default\">Forma e Kontaktit<\/span>[vc_column_text css=&#8221;.vc_custom_1668683657760{margin-bottom: 0px !important;}&#8221;]<\/p>\n<h2><strong><span style=\"color: #ed1c24;\">Keni ndonj\u00eb pyetje?<\/span> Le t\u00eb flasim p\u00ebr k\u00ebrkes\u00ebn tuaj.<\/strong><\/h2>\n<p>[\/vc_column_text]<div class=\"dash style-dark default\"><\/div><div class=\"wpcf7 no-js\" id=\"wpcf7-f6793-o1\" lang=\"en-US\" dir=\"ltr\">\n<div class=\"screen-reader-response\"><p role=\"status\" aria-live=\"polite\" aria-atomic=\"true\"><\/p> <ul><\/ul><\/div>\n<form action=\"\/index.php\/wp-json\/wp\/v2\/pages\/7788#wpcf7-f6793-o1\" method=\"post\" class=\"wpcf7-form init\" aria-label=\"Contact form\" novalidate=\"novalidate\" data-status=\"init\">\n<div style=\"display: none;\">\n<input type=\"hidden\" name=\"_wpcf7\" value=\"6793\" \/>\n<input type=\"hidden\" name=\"_wpcf7_version\" value=\"5.7.1\" \/>\n<input type=\"hidden\" name=\"_wpcf7_locale\" value=\"en_US\" \/>\n<input type=\"hidden\" name=\"_wpcf7_unit_tag\" value=\"wpcf7-f6793-o1\" \/>\n<input type=\"hidden\" name=\"_wpcf7_container_post\" value=\"0\" \/>\n<input type=\"hidden\" name=\"_wpcf7_posted_data_hash\" value=\"\" \/>\n<\/div>\n<p><span class=\"wpcf7-form-control-wrap\" data-name=\"your-name\"><input size=\"40\" class=\"wpcf7-form-control wpcf7-text wpcf7-validates-as-required\" aria-required=\"true\" aria-invalid=\"false\" placeholder=\"Emri\" value=\"\" type=\"text\" name=\"your-name\" \/><\/span>\n<\/p>\n<p><span class=\"wpcf7-form-control-wrap\" data-name=\"your-email\"><input size=\"40\" class=\"wpcf7-form-control wpcf7-text wpcf7-email wpcf7-validates-as-required wpcf7-validates-as-email\" aria-required=\"true\" aria-invalid=\"false\" placeholder=\"Email\" value=\"\" type=\"email\" name=\"your-email\" \/><\/span>\n<\/p>\n<p><span class=\"wpcf7-form-control-wrap\" data-name=\"your-subject\"><input size=\"40\" class=\"wpcf7-form-control wpcf7-text wpcf7-validates-as-required\" aria-required=\"true\" aria-invalid=\"false\" placeholder=\"Subjekti\" value=\"\" type=\"text\" name=\"your-subject\" \/><\/span>\n<\/p>\n<p><span class=\"wpcf7-form-control-wrap\" data-name=\"your-message\"><textarea cols=\"5\" rows=\"1\" class=\"wpcf7-form-control wpcf7-textarea wpcf7-validates-as-required\" aria-required=\"true\" aria-invalid=\"false\" placeholder=\"Pershendetje jam i interesuar per...\" name=\"your-message\"><\/textarea><\/span>\n<\/p>\n<p><input class=\"wpcf7-form-control has-spinner wpcf7-submit\" type=\"submit\" value=\"D\u00ebrgo\" \/>\n<\/p><div class=\"wpcf7-response-output\" aria-hidden=\"true\"><\/div><\/form><\/div>[\/vc_column_inner][\/vc_row_inner][\/vc_column][\/vc_row]<\/p>\n<\/section>","protected":false},"excerpt":{"rendered":"<p>[vc_row full_width=&#8221;stretch_row&#8221; equal_height=&#8221;yes&#8221; content_placement=&#8221;middle&#8221; css=&#8221;.vc_custom_1668684750688{padding-top: 100px !important;padding-bottom: 70px !important;background: #000000 url(https:\/\/mobileriawalker.com\/wp-content\/uploads\/2018\/03\/bg.png?id=9170) !important;background-position: 0 0 !important;background-repeat: repeat !important;}&#8221; el_class=&#8221;overlapped&#8221;][vc_column width=&#8221;1\/4&#8243; css=&#8221;.vc_custom_1668684309086{margin-top: 110px !important;margin-right: 1px !important;margin-bottom: 30px !important;}&#8221;][vc_column_text css=&#8221;.vc_custom_1668781407665{margin-bottom: 20px !important;}&#8221;] Disa nga kategorit\u00eb tona N\u00eb Walker, ju mund t\u00eb gjeni nj\u00eb komplet divanesh unik dhe perfekt n\u00eb dizajn, mund t\u00eb keni mobiljet tuaja t\u00eb preferuara me [&hellip;]<\/p>\n","protected":false},"author":1,"featured_media":0,"parent":0,"menu_order":0,"comment_status":"closed","ping_status":"closed","template":"page-slider.php","meta":{"footnotes":""},"class_list":["post-7788","page","type-page","status-publish","hentry"],"acf":[],"_links":{"self":[{"href":"https:\/\/mobileriawalker.com\/index.php\/wp-json\/wp\/v2\/pages\/7788","targetHints":{"allow":["GET"]}}],"collection":[{"href":"https:\/\/mobileriawalker.com\/index.php\/wp-json\/wp\/v2\/pages"}],"about":[{"href":"https:\/\/mobileriawalker.com\/index.php\/wp-json\/wp\/v2\/types\/page"}],"author":[{"embeddable":true,"href":"https:\/\/mobileriawalker.com\/index.php\/wp-json\/wp\/v2\/users\/1"}],"replies":[{"embeddable":true,"href":"https:\/\/mobileriawalker.com\/index.php\/wp-json\/wp\/v2\/comments?post=7788"}],"version-history":[{"count":75,"href":"https:\/\/mobileriawalker.com\/index.php\/wp-json\/wp\/v2\/pages\/7788\/revisions"}],"predecessor-version":[{"id":14424,"href":"https:\/\/mobileriawalker.com\/index.php\/wp-json\/wp\/v2\/pages\/7788\/revisions\/14424"}],"wp:attachment":[{"href":"https:\/\/mobileriawalker.com\/index.php\/wp-json\/wp\/v2\/media?parent=7788"}],"curies":[{"name":"wp","href":"https:\/\/api.w.org\/{rel}","templated":true}]}}