{"id":13247,"date":"2018-10-03T10:30:24","date_gmt":"2018-10-03T10:30:24","guid":{"rendered":"https:\/\/themicart.com\/interico-wpb\/?page_id=13247"},"modified":"2023-01-26T12:20:41","modified_gmt":"2023-01-26T11:20:41","slug":"rreth-ne","status":"publish","type":"page","link":"https:\/\/mobileriawalker.com\/index.php\/rreth-ne\/","title":{"rendered":"Rreth Ne"},"content":{"rendered":"<section class=\"wpb-content-wrapper\"><p>[vc_row full_width=&#8221;stretch_row&#8221; gap=&#8221;15&#8243; css=&#8221;.vc_custom_1668603305574{padding-top: 80px !important;padding-bottom: 80px !important;background: #000000 url(https:\/\/mobileriawalker.com\/wp-content\/uploads\/2018\/10\/vertical-grid-5.png?id=12972) !important;background-position: 0 0 !important;background-repeat: repeat !important;}&#8221;][vc_column width=&#8221;1\/3&#8243;][vc_column_text]<\/p>\n<h2>Ejani dhe na vizitoni, dhuroni nj\u00eb pamje<br \/>\nt\u00eb re sht\u00ebpis\u00eb tuaj!<\/h2>\n<p>[\/vc_column_text]<div class=\"dash style-dark default\"><\/div>[\/vc_column][vc_column width=&#8221;1\/3&#8243;][vc_column_text]N\u00eb Walker, ju mund t\u00eb gjeni nj\u00eb komplet divanesh unik dhe perfekt n\u00eb dizajn, mund t\u00eb keni mobiljet tuaja t\u00eb preferuara me dhjet\u00ebra opsione t\u00eb ndryshme ngjyrash dhe p\u00eblhurash.<\/p>\n<p>P\u00ebrve\u00e7 mbajtjes s\u00eb k\u00ebnaq\u00ebsis\u00eb s\u00eb klientit n\u00eb radh\u00eb t\u00eb par\u00eb, d\u00ebshirojm\u00eb t&#8217;ju k\u00ebnaqim edhe me nj\u00eb periudh\u00eb garancie 2-vje\u00e7are.[\/vc_column_text][\/vc_column][vc_column width=&#8221;1\/3&#8243;][vc_column_text]Ju mir\u00ebpresim t\u00eb vizitoni deg\u00ebn ton\u00eb p\u00ebr t\u00eb par\u00eb nga af\u00ebr modelet tona ose mund t\u00eb na kontaktoni p\u00ebrmes llogarive tona n\u00eb rrjetet sociale.[\/vc_column_text][\/vc_column][\/vc_row][vc_row full_width=&#8221;stretch_row&#8221; content_placement=&#8221;middle&#8221; css=&#8221;.vc_custom_1668603414094{padding-top: 90px !important;padding-bottom: 120px !important;background: #070707 url(https:\/\/mobileriawalker.com\/wp-content\/uploads\/2018\/10\/vertical-grid-5.png?id=12972) !important;background-position: 0 0 !important;background-repeat: repeat !important;}&#8221;][vc_column width=&#8221;7\/12&#8243;][vc_single_image image=&#8221;14421&#8243;][\/vc_column][vc_column width=&#8221;5\/12&#8243;][vc_row_inner el_class=&#8221;overlap-left&#8221;][vc_column_inner el_class=&#8221;shadow-box&#8221;]<span class=\"subtitle dash-false style-dark text-default\">Rreth Ne<\/span>[vc_column_text]<\/p>\n<h2>Mobileria Walker<\/h2>\n<p>[\/vc_column_text][vc_column_text]Nga kompletet e dhomave t\u00eb gjumit te kompletet e dhomave t\u00eb ngr\u00ebnies, nga kompletet e divaneve te nj\u00ebsit\u00eb e televizorit, nga divanet e qosheve te aksesor\u00ebt e mobiljeve, gjith\u00e7ka q\u00eb d\u00ebshironi n\u00eb sht\u00ebpin\u00eb tuaj \u00ebsht\u00eb n\u00eb Walker.[\/vc_column_text]<div class=\"divider-light\"><\/div>[vc_column_text]<\/p>\n<h3>Kontaktet<\/h3>\n<p>[\/vc_column_text]<div class=\"dash style-dark default\"><\/div><div class=\"feature-box icon-title-only slim box-hovered spacing-1 spacing-mob-30 dark\"><span class=\"lnr lnr-phone\"><\/span><div class=\"content-wrapper\"><h3 class=\"feature-title\">+383 (0) 44 303 550<\/h3><\/div><\/div><div class=\"feature-box icon-title-only slim box-hovered spacing-1 spacing-mob-30 dark\"><span class=\"lnr lnr-envelope\"><\/span><div class=\"content-wrapper\"><h3 class=\"feature-title\">info@mobileriawalker.com<\/h3><\/div><\/div><div class=\"feature-box icon-title-only slim box-hovered spacing-30 spacing-mob-30 dark\"><span class=\"lnr lnr-home\"><\/span><div class=\"content-wrapper\"><h3 class=\"feature-title\">Magjistralja Prishtin\u00eb \u2013 Ferizaj, Km.10, pran\u00eb rrethit t\u00eb Lipjanit.<\/h3><\/div><\/div>[\/vc_column_inner][\/vc_row_inner][\/vc_column][\/vc_row][vc_row full_width=&#8221;stretch_row&#8221; css=&#8221;.vc_custom_1668675991092{background-color: #000000 !important;background-position: 0 0 !important;background-repeat: repeat !important;}&#8221; el_class=&#8221;spaced&#8221;][vc_column]<div class=\"dash style-light centered\"><\/div>[vc_column_text]<\/p>\n<h2 style=\"text-align: center;\"><span style=\"color: #ffffff;\">G&#8217;zoje shpin\u00eb me mobilje t&#8217;reja!<\/span><\/h2>\n<p>[\/vc_column_text][vc_row_inner css=&#8221;.vc_custom_1668603397445{margin-top: 45px !important;}&#8221;][vc_column_inner width=&#8221;1\/3&#8243;]<div class=\"number-box style-dark dark spacing-0\"><div class=\"number-box-number\">127+<\/div><div class=\"content-box\"><div class=\"content-box-info\"><h3>Modele<\/h3><\/div><\/div><\/div>[\/vc_column_inner][vc_column_inner width=&#8221;1\/3&#8243;]<div class=\"number-box style-dark dark spacing-30\"><div class=\"number-box-number\">1000+<\/div><div class=\"content-box\"><div class=\"content-box-info\"><h3>Klient t\u00eb k\u00ebnaqur<\/h3><\/div><\/div><\/div>[\/vc_column_inner][vc_column_inner width=&#8221;1\/3&#8243;]<div class=\"number-box style-dark dark spacing-0\"><div class=\"number-box-number\">24+<\/div><div class=\"content-box\"><div class=\"content-box-info\"><h3>Vite n\u00eb Industri<\/h3><\/div><\/div><\/div>[\/vc_column_inner][\/vc_row_inner][\/vc_column][\/vc_row]<\/p>\n<\/section>","protected":false},"excerpt":{"rendered":"<p>[vc_row full_width=&#8221;stretch_row&#8221; gap=&#8221;15&#8243; css=&#8221;.vc_custom_1668603305574{padding-top: 80px !important;padding-bottom: 80px !important;background: #000000 url(https:\/\/mobileriawalker.com\/wp-content\/uploads\/2018\/10\/vertical-grid-5.png?id=12972) !important;background-position: 0 0 !important;background-repeat: repeat !important;}&#8221;][vc_column width=&#8221;1\/3&#8243;][vc_column_text] Ejani dhe na vizitoni, dhuroni nj\u00eb pamje t\u00eb re sht\u00ebpis\u00eb tuaj! [\/vc_column_text][\/vc_column][vc_column width=&#8221;1\/3&#8243;][vc_column_text]N\u00eb Walker, ju mund t\u00eb gjeni nj\u00eb komplet divanesh unik dhe perfekt n\u00eb dizajn, mund t\u00eb keni mobiljet tuaja t\u00eb preferuara me dhjet\u00ebra opsione t\u00eb ndryshme [&hellip;]<\/p>\n","protected":false},"author":1,"featured_media":0,"parent":0,"menu_order":0,"comment_status":"closed","ping_status":"closed","template":"","meta":{"footnotes":""},"class_list":["post-13247","page","type-page","status-publish","hentry"],"acf":[],"_links":{"self":[{"href":"https:\/\/mobileriawalker.com\/index.php\/wp-json\/wp\/v2\/pages\/13247","targetHints":{"allow":["GET"]}}],"collection":[{"href":"https:\/\/mobileriawalker.com\/index.php\/wp-json\/wp\/v2\/pages"}],"about":[{"href":"https:\/\/mobileriawalker.com\/index.php\/wp-json\/wp\/v2\/types\/page"}],"author":[{"embeddable":true,"href":"https:\/\/mobileriawalker.com\/index.php\/wp-json\/wp\/v2\/users\/1"}],"replies":[{"embeddable":true,"href":"https:\/\/mobileriawalker.com\/index.php\/wp-json\/wp\/v2\/comments?post=13247"}],"version-history":[{"count":11,"href":"https:\/\/mobileriawalker.com\/index.php\/wp-json\/wp\/v2\/pages\/13247\/revisions"}],"predecessor-version":[{"id":14422,"href":"https:\/\/mobileriawalker.com\/index.php\/wp-json\/wp\/v2\/pages\/13247\/revisions\/14422"}],"wp:attachment":[{"href":"https:\/\/mobileriawalker.com\/index.php\/wp-json\/wp\/v2\/media?parent=13247"}],"curies":[{"name":"wp","href":"https:\/\/api.w.org\/{rel}","templated":true}]}}